{"id":2430,"date":"2020-08-10T08:53:20","date_gmt":"2020-08-10T08:53:20","guid":{"rendered":"http:\/\/www.parrocchiadicapalle.it\/?page_id=2430"},"modified":"2020-09-01T14:37:28","modified_gmt":"2020-09-01T14:37:28","slug":"asilo-infantile-sacro-cuore","status":"publish","type":"page","link":"https:\/\/www.parrocchiadicapalle.it\/index.php\/asilo-infantile-sacro-cuore\/","title":{"rendered":"Asilo infantile Sacro Cuore"},"content":{"rendered":"<p>[vc_row row_content_width=&#8221;grid&#8221; css=&#8221;.vc_custom_1566483388504{padding-top: 132px !important;padding-bottom: 132px !important;}&#8221;][vc_column]<div class=\"eltdf-elements-holder   eltdf-two-columns  eltdf-responsive-mode-1024 \" ><div class=\"eltdf-eh-item    \"  data-item-class=\"eltdf-eh-custom-6566\" data-1400-1600=\"0px 120px 8px 0px\" data-1025-1399=\"0px 75px 8px 0px\" data-769-1024=\"0px 170px 70px 0px\" data-681-768=\"0px 0px 70px\" data-680=\"0px 0px 70px\">\n\t<div class=\"eltdf-eh-item-inner\">\n\t\t<div class=\"eltdf-eh-item-content eltdf-eh-custom-6566\" style=\"padding: 0px 170px 8px 0px\">\n\t\t\t<div class=\"eltdf-section-title-holder  \" >\n\t<div class=\"eltdf-st-inner\">\n\t\t\t\t\t\t\t<h3 class=\"eltdf-st-title\" >\n\t\t\t\tscuola dell\u2019infanzia sacro cuore\t\t\t<\/h3>\n\t\t\t\t\t\t\t\t\t<p class=\"eltdf-st-text\" >\n\t\t\t\tLa Scuola dell\u2019infanzia Sacro Cuore, \u00e8 una scuola cattolica gestita dalla Parrocchia SS. Quirico e Giulitta e da un Comitato di gestione senza scopo di lucro. Parte dell\u2019insegnamento e della gestione \u00e8 affidato alla Congregazione religiosa delle Suore Mantellate Serve di Maria.\t\t\t<\/p>\n\t\t\t\t\t<\/div>\n<\/div>\t\t<\/div>\n\t<\/div>\n<\/div><div class=\"eltdf-eh-item    \"  data-item-class=\"eltdf-eh-custom-8647\" data-769-1024=\"0px 0px 8px\" data-681-768=\"0px 0px 8px\" data-680=\"0px 0px 8px\">\n\t<div class=\"eltdf-eh-item-inner\">\n\t\t<div class=\"eltdf-eh-item-content eltdf-eh-custom-8647\" style=\"padding: 8px 0px\">\n\t\t\t[vc_single_image image=&#8221;2378&#8243; img_size=&#8221;full&#8221; alignment=&#8221;center&#8221;]\t\t<\/div>\n\t<\/div>\n<\/div><\/div>[\/vc_column][\/vc_row][vc_row][vc_column][vc_single_image image=&#8221;2388&#8243; img_size=&#8221;full&#8221; alignment=&#8221;center&#8221;][\/vc_column][\/vc_row][vc_row row_content_width=&#8221;grid&#8221; css=&#8221;.vc_custom_1566483388504{padding-top: 132px !important;padding-bottom: 132px !important;}&#8221;][vc_column]<div class=\"eltdf-elements-holder   eltdf-two-columns  eltdf-responsive-mode-1024 \" ><div class=\"eltdf-eh-item    \"  data-item-class=\"eltdf-eh-custom-1032\" data-1400-1600=\"0px 120px 8px 0px\" data-1025-1399=\"0px 75px 8px 0px\" data-769-1024=\"0px 170px 70px 0px\" data-681-768=\"0px 0px 70px\" data-680=\"0px 0px 70px\">\n\t<div class=\"eltdf-eh-item-inner\">\n\t\t<div class=\"eltdf-eh-item-content eltdf-eh-custom-1032\" style=\"padding: 0px 170px 8px 0px\">\n\t\t\t[vc_single_image image=&#8221;2377&#8243; img_size=&#8221;full&#8221; alignment=&#8221;center&#8221;]\t\t<\/div>\n\t<\/div>\n<\/div><div class=\"eltdf-eh-item    \"  data-item-class=\"eltdf-eh-custom-2379\" data-769-1024=\"0px 0px 8px\" data-681-768=\"0px 0px 8px\" data-680=\"0px 0px 8px\">\n\t<div class=\"eltdf-eh-item-inner\">\n\t\t<div class=\"eltdf-eh-item-content eltdf-eh-custom-2379\" style=\"padding: 8px 0px\">\n\t\t\t<div class=\"eltdf-section-title-holder  \" >\n\t<div class=\"eltdf-st-inner\">\n\t\t\t\t\t\t\t<h3 class=\"eltdf-st-title\" >\n\t\t\t\tla nostra storia\t\t\t<\/h3>\n\t\t\t\t\t\t\t\t\t<p class=\"eltdf-st-text\" >\n\t\t\t\tL\u2019attivit\u00e0 scolastica ha avuto inizio nell\u2019anno 1913 per opera di Don Luigi Fusi ma a causa della prima guerra mondiale fu chiusa nel 1915 e successivamente riaperta da Don Raffaele Maglioni nel 1921. L\u2019aumento della popolazione infantile port\u00f2 al progetto e alla costruzione di una nuova scuola che fu inaugurata nel 1929 prendendo l\u2019attuale denominazione di \u201cAsilo Infantile Sacro Cuore\u201d. Nel 1935, Don Antonio Sani fece terminare la costruzione del primo piano dello stabile che divent\u00f2 l\u2019abitazione delle Suore della Congregazione Mantellate Serve di Maria di Pistoia, cui \u00e8 affidata la conduzione della scuola. Lo scopo della scuola \u00e8 di educare tutti i bambini della zona favorendo la loro crescita fisica, sociale, intellettuale, morale e religiosa secondo i principi di una corretta educazione umana e cristiana.\t\t\t<\/p>\n\t\t\t\t\t<\/div>\n<\/div>\t\t<\/div>\n\t<\/div>\n<\/div><\/div>[\/vc_column][\/vc_row][vc_row css_animation=&#8221;fadeInUp&#8221; row_content_width=&#8221;grid&#8221;][vc_column]<div class=\"eltdf-section-title-holder  \" style=\"text-align: center\">\n\t<div class=\"eltdf-st-inner\">\n\t\t\t\t\t\t\t<h3 class=\"eltdf-st-title\" >\n\t\t\t\tLA SCUOLA PARITARIA\t\t\t<\/h3>\n\t\t\t\t\t\t\t\t\t<p class=\"eltdf-st-text\" >\n\t\t\t\tLa scuola materna \u201cAsilo Infantile SACRO CUORE\u201d, con la legge n. 62 del 2000, \u00e8 diventata paritaria ed \u00e8 riconosciuta a tutti gli effetti dallo Stato. L\u2019edificio scolastico \u00e8 stato completamente rinnovato ed ampliato, tenendo conto delle norme in tema di edilizia scolastica ma anche dei desideri dei bambini che sono quelli di crescere in un ambiente sereno, gradevole, allegro e stimolante.\t\t\t<\/p>\n\t\t\t\t\t<\/div>\n<\/div>[vc_column_text]<\/p>\n<p style=\"text-align: center;\"><strong>La scuola \u00e8 rivolta ai bambini della fascia di et\u00e0 3-6 anni<\/strong><\/p>\n<p>[\/vc_column_text][\/vc_column][\/vc_row][vc_row row_content_width=&#8221;grid&#8221; css=&#8221;.vc_custom_1566483388504{padding-top: 132px !important;padding-bottom: 132px !important;}&#8221;][vc_column]<div class=\"eltdf-elements-holder   eltdf-two-columns  eltdf-responsive-mode-1024 \" ><div class=\"eltdf-eh-item    \"  data-item-class=\"eltdf-eh-custom-2184\" data-1400-1600=\"0px 120px 8px 0px\" data-1025-1399=\"0px 75px 8px 0px\" data-769-1024=\"0px 170px 70px 0px\" data-681-768=\"0px 0px 70px\" data-680=\"0px 0px 70px\">\n\t<div class=\"eltdf-eh-item-inner\">\n\t\t<div class=\"eltdf-eh-item-content eltdf-eh-custom-2184\" style=\"padding: 0px 170px 8px 0px\">\n\t\t\t<div class=\"eltdf-section-title-holder  \" >\n\t<div class=\"eltdf-st-inner\">\n\t\t\t\t\t\t\t\t\t\t\t<p class=\"eltdf-st-text\" >\n\t\t\t\tNel settembre 2005 \u00e8 stato attivato il servizio \u201cCentro Gioco Educativo\u201d, per rispondere alle esigenze delle famiglie, al fine di poter accogliere i bambini dai 18 mesi ai 36 mesi, in una sezione di 9 bambini. L\u2019esperienza si \u00e8 dimostrata molto positiva, le famiglie hanno apprezzato la professionalit\u00e0 delle educatrici, i bambini si sono sentiti a loro agio in un ambiente sereno ed accogliente, la nostra organizzazione ha cercato di cogliere gli stimoli che sono pervenuti dall\u2019esterno: in special modo dalle famiglie, ma anche dalle esperienze condivise con le altre scuole dell\u2019infanzia facenti parte della rete comunale.\t\t\t<\/p>\n\t\t\t\t\t<\/div>\n<\/div>\t\t<\/div>\n\t<\/div>\n<\/div><div class=\"eltdf-eh-item    \"  data-item-class=\"eltdf-eh-custom-3252\" data-769-1024=\"0px 0px 8px\" data-681-768=\"0px 0px 8px\" data-680=\"0px 0px 8px\">\n\t<div class=\"eltdf-eh-item-inner\">\n\t\t<div class=\"eltdf-eh-item-content eltdf-eh-custom-3252\" style=\"padding: 8px 0px\">\n\t\t\t<a itemprop=\"url\" href=\"http:\/\/www.sacrocuorecapalle.it\/\" target=\"_blank\"  class=\"eltdf-btn eltdf-btn-medium eltdf-btn-solid\" data-type=\"solid\" >\n    <span class=\"eltdf-btn-text\">visita il sito dell\u2019asilo<\/span>\n    <\/a>\t\t<\/div>\n\t<\/div>\n<\/div><\/div>[\/vc_column][\/vc_row][vc_row][vc_column]<div class=\"eltdf-image-gallery eltdf-grid-list eltdf-disable-bottom-space  eltdf-ig-grid-type eltdf-four-columns eltdf-no-space  eltdf-image-behavior-lightbox eltdf-navigation-numbers   \">\n\t<div class=\"eltdf-ig-inner eltdf-outer-space\">\n\t\t\t\t\t<div class=\"eltdf-ig-image eltdf-item-space\">\n\t\t\t\t<div class=\"eltdf-ig-image-inner\">\n\t\t\t\t\t<img width=\"1024\" height=\"768\" src=\"https:\/\/www.parrocchiadicapalle.it\/wp-content\/uploads\/2020\/08\/asilo5-1024x768-1.jpg\" class=\"attachment-full size-full\" alt=\"\" loading=\"lazy\" srcset=\"https:\/\/www.parrocchiadicapalle.it\/wp-content\/uploads\/2020\/08\/asilo5-1024x768-1.jpg 1024w, https:\/\/www.parrocchiadicapalle.it\/wp-content\/uploads\/2020\/08\/asilo5-1024x768-1-300x225.jpg 300w, https:\/\/www.parrocchiadicapalle.it\/wp-content\/uploads\/2020\/08\/asilo5-1024x768-1-768x576.jpg 768w, https:\/\/www.parrocchiadicapalle.it\/wp-content\/uploads\/2020\/08\/asilo5-1024x768-1-600x450.jpg 600w\" sizes=\"(max-width: 1024px) 100vw, 1024px\" \/>\t\t\t\t\t\t\t\t\t\t\t<a itemprop=\"image\" class=\"eltdf-ig-lightbox\" href=\"https:\/\/www.parrocchiadicapalle.it\/wp-content\/uploads\/2020\/08\/asilo5-1024x768-1.jpg\" data-rel=\"prettyPhoto[image_gallery_pretty_photo-205]\" title=\"asilo5-1024&#215;768\">\n\t\t\t\t\t\t\t\t\t\t\t\t\t\t\t\t<\/a>\n\t\t\t\t\t\t\t\t\t<\/div>\n\t\t\t<\/div>\n\t\t\t\t\t<div class=\"eltdf-ig-image eltdf-item-space\">\n\t\t\t\t<div class=\"eltdf-ig-image-inner\">\n\t\t\t\t\t<img width=\"1024\" height=\"768\" src=\"https:\/\/www.parrocchiadicapalle.it\/wp-content\/uploads\/2020\/08\/asilo3-1024x768-1.jpg\" class=\"attachment-full size-full\" alt=\"\" loading=\"lazy\" srcset=\"https:\/\/www.parrocchiadicapalle.it\/wp-content\/uploads\/2020\/08\/asilo3-1024x768-1.jpg 1024w, https:\/\/www.parrocchiadicapalle.it\/wp-content\/uploads\/2020\/08\/asilo3-1024x768-1-300x225.jpg 300w, https:\/\/www.parrocchiadicapalle.it\/wp-content\/uploads\/2020\/08\/asilo3-1024x768-1-768x576.jpg 768w, https:\/\/www.parrocchiadicapalle.it\/wp-content\/uploads\/2020\/08\/asilo3-1024x768-1-600x450.jpg 600w\" sizes=\"(max-width: 1024px) 100vw, 1024px\" \/>\t\t\t\t\t\t\t\t\t\t\t<a itemprop=\"image\" class=\"eltdf-ig-lightbox\" href=\"https:\/\/www.parrocchiadicapalle.it\/wp-content\/uploads\/2020\/08\/asilo3-1024x768-1.jpg\" data-rel=\"prettyPhoto[image_gallery_pretty_photo-205]\" title=\"asilo3-1024&#215;768\">\n\t\t\t\t\t\t\t\t\t\t\t\t\t\t\t\t<\/a>\n\t\t\t\t\t\t\t\t\t<\/div>\n\t\t\t<\/div>\n\t\t\t\t\t<div class=\"eltdf-ig-image eltdf-item-space\">\n\t\t\t\t<div class=\"eltdf-ig-image-inner\">\n\t\t\t\t\t<img width=\"1024\" height=\"768\" src=\"https:\/\/www.parrocchiadicapalle.it\/wp-content\/uploads\/2020\/08\/asilo2-1024x768-1.jpg\" class=\"attachment-full size-full\" alt=\"\" loading=\"lazy\" srcset=\"https:\/\/www.parrocchiadicapalle.it\/wp-content\/uploads\/2020\/08\/asilo2-1024x768-1.jpg 1024w, https:\/\/www.parrocchiadicapalle.it\/wp-content\/uploads\/2020\/08\/asilo2-1024x768-1-300x225.jpg 300w, https:\/\/www.parrocchiadicapalle.it\/wp-content\/uploads\/2020\/08\/asilo2-1024x768-1-768x576.jpg 768w, https:\/\/www.parrocchiadicapalle.it\/wp-content\/uploads\/2020\/08\/asilo2-1024x768-1-600x450.jpg 600w\" sizes=\"(max-width: 1024px) 100vw, 1024px\" \/>\t\t\t\t\t\t\t\t\t\t\t<a itemprop=\"image\" class=\"eltdf-ig-lightbox\" href=\"https:\/\/www.parrocchiadicapalle.it\/wp-content\/uploads\/2020\/08\/asilo2-1024x768-1.jpg\" data-rel=\"prettyPhoto[image_gallery_pretty_photo-205]\" title=\"asilo2-1024&#215;768\">\n\t\t\t\t\t\t\t\t\t\t\t\t\t\t\t\t<\/a>\n\t\t\t\t\t\t\t\t\t<\/div>\n\t\t\t<\/div>\n\t\t\t\t\t<div class=\"eltdf-ig-image eltdf-item-space\">\n\t\t\t\t<div class=\"eltdf-ig-image-inner\">\n\t\t\t\t\t<img width=\"1024\" height=\"768\" src=\"https:\/\/www.parrocchiadicapalle.it\/wp-content\/uploads\/2020\/08\/asiloc-1.jpg\" class=\"attachment-full size-full\" alt=\"\" loading=\"lazy\" srcset=\"https:\/\/www.parrocchiadicapalle.it\/wp-content\/uploads\/2020\/08\/asiloc-1.jpg 1024w, https:\/\/www.parrocchiadicapalle.it\/wp-content\/uploads\/2020\/08\/asiloc-1-300x225.jpg 300w, https:\/\/www.parrocchiadicapalle.it\/wp-content\/uploads\/2020\/08\/asiloc-1-768x576.jpg 768w\" sizes=\"(max-width: 1024px) 100vw, 1024px\" \/>\t\t\t\t\t\t\t\t\t\t\t<a itemprop=\"image\" class=\"eltdf-ig-lightbox\" href=\"https:\/\/www.parrocchiadicapalle.it\/wp-content\/uploads\/2020\/08\/asiloc-1.jpg\" data-rel=\"prettyPhoto[image_gallery_pretty_photo-205]\" title=\"asiloc\">\n\t\t\t\t\t\t\t\t\t\t\t\t\t\t\t\t<\/a>\n\t\t\t\t\t\t\t\t\t<\/div>\n\t\t\t<\/div>\n\t\t\t<\/div>\n<\/div>[\/vc_column][\/vc_row][vc_row row_content_width=&#8221;grid&#8221; css=&#8221;.vc_custom_1566483388504{padding-top: 132px !important;padding-bottom: 132px !important;}&#8221;][vc_column]<div class=\"eltdf-elements-holder   eltdf-two-columns  eltdf-responsive-mode-1024 \" ><div class=\"eltdf-eh-item    \"  data-item-class=\"eltdf-eh-custom-6984\" data-1400-1600=\"0px 120px 8px 0px\" data-1025-1399=\"0px 75px 8px 0px\" data-769-1024=\"0px 170px 70px 0px\" data-681-768=\"0px 0px 70px\" data-680=\"0px 0px 70px\">\n\t<div class=\"eltdf-eh-item-inner\">\n\t\t<div class=\"eltdf-eh-item-content eltdf-eh-custom-6984\" style=\"padding: 0px 170px 8px 0px\">\n\t\t\t[vc_single_image image=&#8221;2379&#8243; img_size=&#8221;full&#8221; alignment=&#8221;center&#8221;]\t\t<\/div>\n\t<\/div>\n<\/div><div class=\"eltdf-eh-item    \"  data-item-class=\"eltdf-eh-custom-1831\" data-769-1024=\"0px 0px 8px\" data-681-768=\"0px 0px 8px\" data-680=\"0px 0px 8px\">\n\t<div class=\"eltdf-eh-item-inner\">\n\t\t<div class=\"eltdf-eh-item-content eltdf-eh-custom-1831\" style=\"padding: 8px 0px\">\n\t\t\t<div class=\"eltdf-section-title-holder  \" >\n\t<div class=\"eltdf-st-inner\">\n\t\t\t\t\t\t\t<h3 class=\"eltdf-st-title\" >\n\t\t\t\til futuro\t\t\t<\/h3>\n\t\t\t\t\t\t\t<div class=\"eltdf-st-subtitle\" >\n\t\t\t\til nuovo nido d\u2019infanzia\t\t\t<\/div>\n\t\t\t\t\t\t\t<p class=\"eltdf-st-text\" >\n\t\t\t\tNel settembre 2007 l\u2019Associazione Asilo Infantile SACRO CUORE, sempre attenta alle richieste delle famiglie residenti e non residenti, ma che per ragioni di lavoro vivono il nostro territorio quotidianamente, ha progettato l\u2019apertura di un Nido d\u2019Infanzia. Il nuovo servizio Nido d\u2019infanzia Sacro Cuore, assorbe di fatto l\u2019attuale servizio di Spazio Gioco e si inserisce all\u2019interno della struttura della Associazione \u201cAsilo Infantile Sacro Cuore\u201d di Capalle, il nido accoglie 18 bambini dell\u2019et\u00e0 compresa fra i 12 e i 36 mesi ed \u00e8 organizzato in due moduli a seconda delle esigenze delle famiglie.\t\t\t<\/p>\n\t\t\t\t\t<\/div>\n<\/div>\t\t<\/div>\n\t<\/div>\n<\/div><\/div>[\/vc_column][\/vc_row][vc_row][vc_column]<div class=\"eltdf-elements-holder   eltdf-one-column  eltdf-responsive-mode-768 \" ><div class=\"eltdf-eh-item    \"  data-item-class=\"eltdf-eh-custom-4058\" data-680=\"0px 20px\">\n\t<div class=\"eltdf-eh-item-inner\">\n\t\t<div class=\"eltdf-eh-item-content eltdf-eh-custom-4058\" style=\"padding: 0px 50px\">\n\t\t\t<div class=\"eltdf-testimonials-holder clearfix eltdf-testimonials-standard  eltdf-navigation-numbers   \" >\n\t<div class=\"eltdf-testimonials-bg\">\n\t\t<div class=\"eltdf-testimonials-mark\">\u201d<\/div>\n\t\t<div class=\"eltdf-testimonials-label\">testimonials<\/div>\n\t<\/div>\n\t<div class=\"eltdf-testimonials eltdf-owl-slider\" data-number-of-items=\"1\" data-enable-loop=\"yes\" data-enable-autoplay=\"yes\" data-slider-speed=\"5000\" data-slider-speed-animation=\"600\" data-enable-navigation=\"yes\" data-enable-pagination=\"yes\"   data-slide-by=\"1\">\n\n    \n            <div class=\"eltdf-testimonial-content\" id=\"eltdf-testimonials-2431\">\n\t                            <div class=\"eltdf-testimonial-text-holder\">\n                    \t                                        <p class=\"eltdf-testimonial-text\">Noi rappresentanti, a nome di tutti i genitori, vogliamo esprimere il nostro grazie a tutte quelle persone che quotidianamente sono state vicino ai nostri bambini, persone preziose che hanno saputo trasmettere ai nostri figli conoscenze e valori fondamentali per la loro crescita. Un grazie speciale alle maestre Angela, Anna, Serena e Teresa non solo per la vostra professionalit\u00e0 e competenza, ma per l&#039;amore, la pazienza, la tolleranza, la disponibilit\u00e0 a capire ogni carattere tali da creare un legame affettivo che rimarr\u00e0 per sempre. Un grazie infinito a Giulitta e alle nostre adorate suore: suor Rosalinda, suor Claudina, suor Orsolina e suor Francesca che con dedizione e passione hanno accolto e amato i nostri figli, favorendo un inserimento sereno e permettendo ai nostri bambini di crescere nelle capacit\u00e0, nelle conoscenze e nei talenti. Il nostro \u00e8 un semplice ma sentito grazie a voi tutte, per gli abbracci , i sorrisi, le regole, ma soprattutto per aver sentito i \u201cnostri bambini\u201d come \u201ci vostri bambini\u201d. In questo giorno di festa, il nostro augurio \u00e8 che la scuola \u201cSacro Cuore\u201d di Capalle, simbolo oramai di un&#039;intera comunit\u00e0 da tante generazioni, possa continuare a vivere molto a lungo. La scuola non \u00e8 fatta di mura, ma di persone come voi! Grazie di vero cuore!<\/p>\n                                                                <h6 class=\"eltdf-testimonial-author\">I Rappresentanti<\/h6>\n                    \t                                        <div class=\"eltdf-testimonial-position\">Giugno 2014<\/div>\n                                    <\/div>\n            <\/div>\n\n    \n    <\/div>\n<\/div>\t\t<\/div>\n\t<\/div>\n<\/div><\/div>[\/vc_column][\/vc_row][vc_row][vc_column offset=&#8221;vc_hidden-lg vc_hidden-md vc_hidden-sm vc_hidden-xs&#8221;][vc_column_text]I am text block. <a href=\"https:\/\/www.parrocchiadicapalle.it\/il-quirichino-recenti\/\" target=\"_blank\" rel=\"noopener noreferrer\">Click<\/a> edit button to change this text. Lorem ipsum dolor sit amet, consectetur <a href=\"https:\/\/www.sacrocuorecapalle.it\/\" target=\"_blank\" rel=\"noopener noreferrer\">adipiscing<\/a> elit. Ut elit tellus, luctus nec ullamcorper mattis, pulvinar dapibus leo.[\/vc_column_text][\/vc_column][\/vc_row]<\/p>\n","protected":false},"excerpt":{"rendered":"<p>[vc_row row_content_width=&#8221;grid&#8221; css=&#8221;.vc_custom_1566483388504{padding-top: 132px !important;padding-bottom: 132px !important;}&#8221;][vc_column][\/vc_column][\/vc_row][vc_row][vc_column][vc_single_image image=&#8221;2388&#8243; img_size=&#8221;full&#8221; alignment=&#8221;center&#8221;][\/vc_column][\/vc_row][vc_row row_content_width=&#8221;grid&#8221; css=&#8221;.vc_custom_1566483388504{padding-top: 132px !important;padding-bottom: 132px !important;}&#8221;][vc_column][\/vc_column][\/vc_row][vc_row css_animation=&#8221;fadeInUp&#8221; row_content_width=&#8221;grid&#8221;][vc_column][vc_column_text] La scuola \u00e8 rivolta ai bambini della fascia di et\u00e0 3-6 anni [\/vc_column_text][\/vc_column][\/vc_row][vc_row row_content_width=&#8221;grid&#8221; css=&#8221;.vc_custom_1566483388504{padding-top: 132px !important;padding-bottom: 132px !important;}&#8221;][vc_column][\/vc_column][\/vc_row][vc_row][vc_column][\/vc_column][\/vc_row][vc_row row_content_width=&#8221;grid&#8221; css=&#8221;.vc_custom_1566483388504{padding-top: 132px !important;padding-bottom: 132px !important;}&#8221;][vc_column][\/vc_column][\/vc_row][vc_row][vc_column][\/vc_column][\/vc_row][vc_row][vc_column offset=&#8221;vc_hidden-lg vc_hidden-md vc_hidden-sm vc_hidden-xs&#8221;][vc_column_text]I am text block. Click edit button to change this text. Lorem ipsum dolor sit amet, consectetur adipiscing elit. Ut elit tellus, luctus nec ullamcorper mattis, pulvinar dapibus leo.[\/vc_column_text][\/vc_column][\/vc_row]<\/p>\n","protected":false},"author":1,"featured_media":0,"parent":0,"menu_order":0,"comment_status":"closed","ping_status":"closed","template":"full-width.php","meta":[],"yoast_head":"<!-- This site is optimized with the Yoast SEO plugin v14.8.1 - https:\/\/yoast.com\/wordpress\/plugins\/seo\/ -->\n<title>Parrocchia di Capalle - Associazioni - Asilo infantile Sacro Cuore<\/title>\n<meta name=\"description\" content=\"La Scuola dell\u2019infanzia Sacro Cuore, \u00e8 un asilo gestito dalla Parrocchia e da un Comitato di gestione senza scopo di lucro.\" \/>\n<meta name=\"robots\" content=\"index, follow\" \/>\n<meta name=\"googlebot\" content=\"index, follow, max-snippet:-1, max-image-preview:large, max-video-preview:-1\" \/>\n<meta name=\"bingbot\" content=\"index, follow, max-snippet:-1, max-image-preview:large, max-video-preview:-1\" \/>\n<link rel=\"canonical\" href=\"https:\/\/www.parrocchiadicapalle.it\/index.php\/asilo-infantile-sacro-cuore\/\" \/>\n<meta property=\"og:locale\" content=\"it_IT\" \/>\n<meta property=\"og:type\" content=\"article\" \/>\n<meta property=\"og:title\" content=\"Parrocchia di Capalle - Associazioni - Asilo infantile Sacro Cuore\" \/>\n<meta property=\"og:description\" content=\"La Scuola dell\u2019infanzia Sacro Cuore, \u00e8 un asilo gestito dalla Parrocchia e da un Comitato di gestione senza scopo di lucro.\" \/>\n<meta property=\"og:url\" content=\"https:\/\/www.parrocchiadicapalle.it\/index.php\/asilo-infantile-sacro-cuore\/\" \/>\n<meta property=\"og:site_name\" content=\"Parrocchia di Capalle\" \/>\n<meta property=\"article:modified_time\" content=\"2020-09-01T14:37:28+00:00\" \/>\n<meta name=\"twitter:card\" content=\"summary_large_image\" \/>\n<script type=\"application\/ld+json\" class=\"yoast-schema-graph\">{\"@context\":\"https:\/\/schema.org\",\"@graph\":[{\"@type\":\"Organization\",\"@id\":\"https:\/\/www.parrocchiadicapalle.it\/#organization\",\"name\":\"Parrocchia di Capalle\",\"url\":\"https:\/\/www.parrocchiadicapalle.it\/\",\"sameAs\":[\"https:\/\/it.wikipedia.org\/wiki\/Chiesa_dei_Santi_Quirico_e_Giulitta_(Campi_Bisenzio)\"],\"logo\":{\"@type\":\"ImageObject\",\"@id\":\"https:\/\/www.parrocchiadicapalle.it\/#logo\",\"inLanguage\":\"it-IT\",\"url\":\"https:\/\/www.parrocchiadicapalle.it\/wp-content\/uploads\/2020\/08\/logo_int.png\",\"width\":154,\"height\":100,\"caption\":\"Parrocchia di Capalle\"},\"image\":{\"@id\":\"https:\/\/www.parrocchiadicapalle.it\/#logo\"}},{\"@type\":\"WebSite\",\"@id\":\"https:\/\/www.parrocchiadicapalle.it\/#website\",\"url\":\"https:\/\/www.parrocchiadicapalle.it\/\",\"name\":\"Parrocchia di Capalle\",\"description\":\"\",\"publisher\":{\"@id\":\"https:\/\/www.parrocchiadicapalle.it\/#organization\"},\"potentialAction\":[{\"@type\":\"SearchAction\",\"target\":\"https:\/\/www.parrocchiadicapalle.it\/?s={search_term_string}\",\"query-input\":\"required name=search_term_string\"}],\"inLanguage\":\"it-IT\"},{\"@type\":\"WebPage\",\"@id\":\"https:\/\/www.parrocchiadicapalle.it\/index.php\/asilo-infantile-sacro-cuore\/#webpage\",\"url\":\"https:\/\/www.parrocchiadicapalle.it\/index.php\/asilo-infantile-sacro-cuore\/\",\"name\":\"Parrocchia di Capalle - Associazioni - Asilo infantile Sacro Cuore\",\"isPartOf\":{\"@id\":\"https:\/\/www.parrocchiadicapalle.it\/#website\"},\"datePublished\":\"2020-08-10T08:53:20+00:00\",\"dateModified\":\"2020-09-01T14:37:28+00:00\",\"description\":\"La Scuola dell\\u2019infanzia Sacro Cuore, \\u00e8 un asilo gestito dalla Parrocchia e da un Comitato di gestione senza scopo di lucro.\",\"inLanguage\":\"it-IT\",\"potentialAction\":[{\"@type\":\"ReadAction\",\"target\":[\"https:\/\/www.parrocchiadicapalle.it\/index.php\/asilo-infantile-sacro-cuore\/\"]}]}]}<\/script>\n<!-- \/ Yoast SEO plugin. -->","_links":{"self":[{"href":"https:\/\/www.parrocchiadicapalle.it\/index.php\/wp-json\/wp\/v2\/pages\/2430"}],"collection":[{"href":"https:\/\/www.parrocchiadicapalle.it\/index.php\/wp-json\/wp\/v2\/pages"}],"about":[{"href":"https:\/\/www.parrocchiadicapalle.it\/index.php\/wp-json\/wp\/v2\/types\/page"}],"author":[{"embeddable":true,"href":"https:\/\/www.parrocchiadicapalle.it\/index.php\/wp-json\/wp\/v2\/users\/1"}],"replies":[{"embeddable":true,"href":"https:\/\/www.parrocchiadicapalle.it\/index.php\/wp-json\/wp\/v2\/comments?post=2430"}],"version-history":[{"count":6,"href":"https:\/\/www.parrocchiadicapalle.it\/index.php\/wp-json\/wp\/v2\/pages\/2430\/revisions"}],"predecessor-version":[{"id":2847,"href":"https:\/\/www.parrocchiadicapalle.it\/index.php\/wp-json\/wp\/v2\/pages\/2430\/revisions\/2847"}],"wp:attachment":[{"href":"https:\/\/www.parrocchiadicapalle.it\/index.php\/wp-json\/wp\/v2\/media?parent=2430"}],"curies":[{"name":"wp","href":"https:\/\/api.w.org\/{rel}","templated":true}]}}