{"id":2900,"date":"2021-02-10T09:50:27","date_gmt":"2021-02-10T09:50:27","guid":{"rendered":"https:\/\/www.parrocchiadicapalle.it\/?page_id=2900"},"modified":"2021-02-24T09:37:03","modified_gmt":"2021-02-24T09:37:03","slug":"letture","status":"publish","type":"page","link":"https:\/\/www.parrocchiadicapalle.it\/index.php\/letture\/","title":{"rendered":"Letture"},"content":{"rendered":"<p>[vc_row css=&#8221;.vc_custom_1567087607475{padding-top: 131px !important;padding-bottom: 96px !important;}&#8221;][vc_column]<div class=\"eltdf-section-title-holder  \" style=\"text-align: center\">\n\t<div class=\"eltdf-st-inner\">\n\t\t\t\t\t<div class=\"eltdf-st-tagline\" >\n\t\t\t\tStorie e libri che parlano di Capalle e della Propositura dei Santi Quirico e Giulitta\t\t\t<\/div>\n\t\t\t\t\t\t\t<h3 class=\"eltdf-st-title\" >\n\t\t\t\tStorie su Capalle\t\t\t<\/h3>\n\t\t\t\t\t\t\t\t\t<\/div>\n<\/div>[\/vc_column][\/vc_row][vc_row row_content_width=&#8221;grid&#8221; css=&#8221;.vc_custom_1613492852626{padding-top: 66px !important;padding-bottom: 36px !important;}&#8221;][vc_column]<div class=\"eltdf-elements-holder   eltdf-two-columns  eltdf-responsive-mode-1024 \" ><div class=\"eltdf-eh-item    \"  data-item-class=\"eltdf-eh-custom-1528\" data-1400-1600=\"0px 120px 8px 0px\" data-1025-1399=\"0px 75px 8px 0px\" data-769-1024=\"0px 170px 70px 0px\" data-681-768=\"0px 0px 70px\" data-680=\"0px 0px 70px\">\n\t<div class=\"eltdf-eh-item-inner\">\n\t\t<div class=\"eltdf-eh-item-content eltdf-eh-custom-1528\" style=\"padding: 0px 170px 8px 0px\">\n\t\t\t<div class=\"eltdf-section-title-holder  \" >\n\t<div class=\"eltdf-st-inner\">\n\t\t\t\t\t<div class=\"eltdf-st-tagline\" >\n\t\t\t\tMons. Carlo Celsi Calzolai\t\t\t<\/div>\n\t\t\t\t\t\t\t<h3 class=\"eltdf-st-title\" >\n\t\t\t\tCapalle, comunit\u00e0 prestigiosa\t\t\t<\/h3>\n\t\t\t\t\t\t\t\t\t<p class=\"eltdf-st-text\" >\n\t\t\t\tIl libro \u201cCapalle, comunit\u00e0 prestigiosa\u201d di Carlo Celso Calzolai \u00e8 una lettura, attraverso i secoli, della storia sociale e religiosa del borgo: una storia gloriosa nella sua umilt\u00e0 perch\u00e9 costruita con la tenacia, la fede e la speranza.\t\t\t<\/p>\n\t\t\t\t\t\t\t<div class=\"eltdf-st-button\"><a itemprop=\"url\" href=\"https:\/\/www.parrocchiadicapalle.it\/wp-content\/uploads\/2021\/02\/Capalle-comunita-prestigiosa.pdf\" target=\"_blank\"  class=\"eltdf-btn eltdf-btn-medium eltdf-btn-solid eltdf-btn-with-prefix\" data-type=\"solid\" >    <span class=\"eltdf-btn-text\">Scarica il libro<\/span>    <\/a><\/div>\n\t\t\t<\/div>\n<\/div>\t\t<\/div>\n\t<\/div>\n<\/div><div class=\"eltdf-eh-item    \"  data-item-class=\"eltdf-eh-custom-9185\" data-769-1024=\"0px 0px 8px\" data-681-768=\"0px 0px 8px\" data-680=\"0px 0px 8px\">\n\t<div class=\"eltdf-eh-item-inner\">\n\t\t<div class=\"eltdf-eh-item-content eltdf-eh-custom-9185\" style=\"padding: 8px 0px\">\n\t\t\t[vc_single_image image=&#8221;2903&#8243; img_size=&#8221;full&#8221; alignment=&#8221;center&#8221;]\t\t<\/div>\n\t<\/div>\n<\/div><\/div>[\/vc_column][\/vc_row][vc_row row_content_width=&#8221;grid&#8221; css=&#8221;.vc_custom_1613492858163{padding-top: 36px !important;}&#8221;][vc_column]<div class=\"eltdf-elements-holder   eltdf-two-columns  eltdf-responsive-mode-1024 \" ><div class=\"eltdf-eh-item    \"  data-item-class=\"eltdf-eh-custom-3686\" data-769-1024=\"0px 0px 8px\" data-681-768=\"0px 0px 8px\" data-680=\"0px 0px 8px\">\n\t<div class=\"eltdf-eh-item-inner\">\n\t\t<div class=\"eltdf-eh-item-content eltdf-eh-custom-3686\" style=\"padding: 8px 0px\">\n\t\t\t[vc_single_image image=&#8221;2904&#8243; img_size=&#8221;full&#8221;][vc_empty_space]\t\t<\/div>\n\t<\/div>\n<\/div><div class=\"eltdf-eh-item    \"  data-item-class=\"eltdf-eh-custom-6132\" data-1400-1600=\"0px 120px 8px 0px\" data-1025-1399=\"0px 75px 8px 0px\" data-769-1024=\"0px 170px 70px 0px\" data-681-768=\"0px 0px 70px\" data-680=\"0px 0px 70px\">\n\t<div class=\"eltdf-eh-item-inner\">\n\t\t<div class=\"eltdf-eh-item-content eltdf-eh-custom-6132\" style=\"padding: 0px 170px 8px 0px\">\n\t\t\t<div class=\"eltdf-section-title-holder  \" >\n\t<div class=\"eltdf-st-inner\">\n\t\t\t\t\t<div class=\"eltdf-st-tagline\" >\n\t\t\t\tA cura di Nicodemo Delli\t\t\t<\/div>\n\t\t\t\t\t\t\t<h3 class=\"eltdf-st-title\" >\n\t\t\t\tLe Reliquie dei Santi di Capalle\t\t\t<\/h3>\n\t\t\t\t\t\t\t\t\t<p class=\"eltdf-st-text\" >\n\t\t\t\tLa storia dei \u201cSanti di Capalle\u201d. La parrocchia, oltre al culto a S.Quirico, aggiunse nei secoli quello a S. Giulitta sua madre, poi ai Santi Valerio, Enea ed Onorio. Un racconto degli aspetti positivi, ma anche qualche ombra, su circostanze ed avvenimenti.\t\t\t<\/p>\n\t\t\t\t\t\t\t<div class=\"eltdf-st-button\"><a itemprop=\"url\" href=\"https:\/\/www.parrocchiadicapalle.it\/wp-content\/uploads\/2021\/02\/Le-reliquie-dei-Santi-di-Capalle.pdf\" target=\"_blank\"  class=\"eltdf-btn eltdf-btn-medium eltdf-btn-solid eltdf-btn-with-prefix\" data-type=\"solid\" >    <span class=\"eltdf-btn-text\">Scarica il libro<\/span>    <\/a><\/div>\n\t\t\t<\/div>\n<\/div>\t\t<\/div>\n\t<\/div>\n<\/div><\/div>[\/vc_column][\/vc_row][vc_row row_content_width=&#8221;grid&#8221; css=&#8221;.vc_custom_1613492864227{padding-top: 36px !important;padding-bottom: 66px !important;}&#8221;][vc_column]<div class=\"eltdf-elements-holder   eltdf-two-columns  eltdf-responsive-mode-1024 \" ><div class=\"eltdf-eh-item    \"  data-item-class=\"eltdf-eh-custom-4989\" data-1400-1600=\"0px 120px 8px 0px\" data-1025-1399=\"0px 75px 8px 0px\" data-769-1024=\"0px 170px 70px 0px\" data-681-768=\"0px 0px 70px\" data-680=\"0px 0px 70px\">\n\t<div class=\"eltdf-eh-item-inner\">\n\t\t<div class=\"eltdf-eh-item-content eltdf-eh-custom-4989\" style=\"padding: 0px 170px 8px 0px\">\n\t\t\t<div class=\"eltdf-section-title-holder  \" >\n\t<div class=\"eltdf-st-inner\">\n\t\t\t\t\t<div class=\"eltdf-st-tagline\" >\n\t\t\t\tA cura di Nicodemo Delli e Mauro Mariotti\t\t\t<\/div>\n\t\t\t\t\t\t\t<h3 class=\"eltdf-st-title\" >\n\t\t\t\tLa Santa Concezione e il Teatro Juventus\t\t\t<\/h3>\n\t\t\t\t\t\t\t\t\t<p class=\"eltdf-st-text\" >\n\t\t\t\tUn testo che \u00e8 una sorta di continuazione del libro \u201cLe Reliquie dei Santi a Capalle\u201d. Qui viene descritta la nascita del culto della Santa Concezione di Maria e del teatrino parrocchiale, con la formazione del gruppo teatrale \u201cJuventus\u201d, poi diventato \u201cPiccola Ribalta\u201d, che produce ancora oggi spettacoli con gran concorso di pubblico.\t\t\t<\/p>\n\t\t\t\t\t\t\t<div class=\"eltdf-st-button\"><a itemprop=\"url\" href=\"https:\/\/www.parrocchiadicapalle.it\/wp-content\/uploads\/2021\/02\/La-santa-Concezione.pdf\" target=\"_blank\"  class=\"eltdf-btn eltdf-btn-medium eltdf-btn-solid eltdf-btn-with-prefix\" data-type=\"solid\" >    <span class=\"eltdf-btn-text\">Scarica il libro<\/span>    <\/a><\/div>\n\t\t\t<\/div>\n<\/div>\t\t<\/div>\n\t<\/div>\n<\/div><div class=\"eltdf-eh-item    \"  data-item-class=\"eltdf-eh-custom-5503\" data-769-1024=\"0px 0px 8px\" data-681-768=\"0px 0px 8px\" data-680=\"0px 0px 8px\">\n\t<div class=\"eltdf-eh-item-inner\">\n\t\t<div class=\"eltdf-eh-item-content eltdf-eh-custom-5503\" style=\"padding: 8px 0px\">\n\t\t\t[vc_single_image image=&#8221;2905&#8243; img_size=&#8221;full&#8221; alignment=&#8221;center&#8221;]\t\t<\/div>\n\t<\/div>\n<\/div><\/div>[\/vc_column][\/vc_row][vc_row css=&#8221;.vc_custom_1567087607475{padding-top: 131px !important;padding-bottom: 96px !important;}&#8221;][vc_column]<div class=\"eltdf-section-title-holder  \" style=\"text-align: center\">\n\t<div class=\"eltdf-st-inner\">\n\t\t\t\t\t<div class=\"eltdf-st-tagline\" >\n\t\t\t\tStorie di Santi, di vite e di filosofie di pensiero\t\t\t<\/div>\n\t\t\t\t\t\t\t<h3 class=\"eltdf-st-title\" >\n\t\t\t\tStorie di Don Nicodemo\t\t\t<\/h3>\n\t\t\t\t\t\t\t\t\t<\/div>\n<\/div>[\/vc_column][\/vc_row][vc_row row_content_width=&#8221;grid&#8221; css=&#8221;.vc_custom_1613492852626{padding-top: 66px !important;padding-bottom: 36px !important;}&#8221;][vc_column]<div class=\"eltdf-elements-holder   eltdf-two-columns  eltdf-responsive-mode-1024 \" ><div class=\"eltdf-eh-item    \"  data-item-class=\"eltdf-eh-custom-7527\" data-1400-1600=\"0px 120px 8px 0px\" data-1025-1399=\"0px 75px 8px 0px\" data-769-1024=\"0px 170px 70px 0px\" data-681-768=\"0px 0px 70px\" data-680=\"0px 0px 70px\">\n\t<div class=\"eltdf-eh-item-inner\">\n\t\t<div class=\"eltdf-eh-item-content eltdf-eh-custom-7527\" style=\"padding: 0px 170px 8px 0px\">\n\t\t\t<div class=\"eltdf-section-title-holder  \" >\n\t<div class=\"eltdf-st-inner\">\n\t\t\t\t\t<div class=\"eltdf-st-tagline\" >\n\t\t\t\tA cura di Don Nicodemo Delli\t\t\t<\/div>\n\t\t\t\t\t\t\t<h3 class=\"eltdf-st-title\" >\n\t\t\t\tVita e pensiero di San Pietro D\u2019Alcantara, sacerdote dell\u2019ordine dei frati minori\t\t\t<\/h3>\n\t\t\t\t\t\t\t\t\t<p class=\"eltdf-st-text\" >\n\t\t\t\tUn viaggio, seppur non esaustivo nella vita e nel pensiero del Santo. \u201cLa vita di San Pietro d\u2019Alcantara \u00e8 una tramontana sicura per uscire con salvezza da questo mare tempestoso ed entrare nel porto di una eterna felicit\u00e0. Chi convive con questa, avendo prospero il vento della grazia divina, non pu\u00f2 perire.\u201d\t\t\t<\/p>\n\t\t\t\t\t\t\t<div class=\"eltdf-st-button\"><a itemprop=\"url\" href=\"https:\/\/www.parrocchiadicapalle.it\/wp-content\/uploads\/2021\/02\/Vita-e-pensiero-di-San-Pietro.pdf\" target=\"_blank\"  class=\"eltdf-btn eltdf-btn-medium eltdf-btn-solid eltdf-btn-with-prefix\" data-type=\"solid\" >    <span class=\"eltdf-btn-text\">Scarica il libro<\/span>    <\/a><\/div>\n\t\t\t<\/div>\n<\/div>\t\t<\/div>\n\t<\/div>\n<\/div><div class=\"eltdf-eh-item    \"  data-item-class=\"eltdf-eh-custom-9525\" data-769-1024=\"0px 0px 8px\" data-681-768=\"0px 0px 8px\" data-680=\"0px 0px 8px\">\n\t<div class=\"eltdf-eh-item-inner\">\n\t\t<div class=\"eltdf-eh-item-content eltdf-eh-custom-9525\" style=\"padding: 8px 0px\">\n\t\t\t[vc_single_image image=&#8221;2929&#8243; img_size=&#8221;full&#8221; alignment=&#8221;center&#8221;]\t\t<\/div>\n\t<\/div>\n<\/div><\/div>[\/vc_column][\/vc_row][vc_row row_content_width=&#8221;grid&#8221; css=&#8221;.vc_custom_1614159403149{padding-top: 36px !important;}&#8221;][vc_column]<div class=\"eltdf-elements-holder   eltdf-two-columns  eltdf-responsive-mode-1024 \" ><div class=\"eltdf-eh-item    \"  data-item-class=\"eltdf-eh-custom-3508\" data-769-1024=\"0px 0px 8px\" data-681-768=\"0px 0px 8px\" data-680=\"0px 0px 8px\">\n\t<div class=\"eltdf-eh-item-inner\">\n\t\t<div class=\"eltdf-eh-item-content eltdf-eh-custom-3508\" style=\"padding: 8px 0px\">\n\t\t\t[vc_single_image image=&#8221;2946&#8243; img_size=&#8221;full&#8221;][vc_empty_space]\t\t<\/div>\n\t<\/div>\n<\/div><div class=\"eltdf-eh-item    \"  data-item-class=\"eltdf-eh-custom-5029\" data-1400-1600=\"0px 120px 8px 0px\" data-1025-1399=\"0px 75px 8px 0px\" data-769-1024=\"0px 170px 70px 0px\" data-681-768=\"0px 0px 70px\" data-680=\"0px 0px 70px\">\n\t<div class=\"eltdf-eh-item-inner\">\n\t\t<div class=\"eltdf-eh-item-content eltdf-eh-custom-5029\" style=\"padding: 0px 170px 8px 0px\">\n\t\t\t<div class=\"eltdf-section-title-holder  \" >\n\t<div class=\"eltdf-st-inner\">\n\t\t\t\t\t<div class=\"eltdf-st-tagline\" >\n\t\t\t\tA cura di Nicodemo Delli\t\t\t<\/div>\n\t\t\t\t\t\t\t<h3 class=\"eltdf-st-title\" >\n\t\t\t\tIl convento del Granduca Cosimo III all\u2019Ambrogiana\t\t\t<\/h3>\n\t\t\t\t\t\t\t\t\t<p class=\"eltdf-st-text\" >\n\t\t\t\tLasciato il terreno mistico della vita del Santo, ancora benedicente dalla via della Pallacorda con le guance francescanamente incavate, lo studio storico-antropologico scende sulla terra di Cosimo III che \u00e8 l\u2019epicentro della costruzione architettonica e spirituale di tutto il complesso dell\u2019Ambrogiana.\t\t\t<\/p>\n\t\t\t\t\t\t\t<div class=\"eltdf-st-button\"><a itemprop=\"url\" href=\"https:\/\/www.parrocchiadicapalle.it\/wp-content\/uploads\/2021\/02\/Il-convento-del-granduca-cosimo-allambrogiana.pdf\" target=\"_blank\"  class=\"eltdf-btn eltdf-btn-medium eltdf-btn-solid eltdf-btn-with-prefix\" data-type=\"solid\" >    <span class=\"eltdf-btn-text\">Scarica il libro<\/span>    <\/a><\/div>\n\t\t\t<\/div>\n<\/div>\t\t<\/div>\n\t<\/div>\n<\/div><\/div>[\/vc_column][\/vc_row][vc_row row_content_width=&#8221;grid&#8221; css=&#8221;.vc_custom_1613493699816{padding-top: 36px !important;padding-bottom: 66px !important;}&#8221;][vc_column]<div class=\"eltdf-elements-holder   eltdf-two-columns  eltdf-responsive-mode-1024 \" ><div class=\"eltdf-eh-item    \"  data-item-class=\"eltdf-eh-custom-4062\" data-1400-1600=\"0px 120px 8px 0px\" data-1025-1399=\"0px 75px 8px 0px\" data-769-1024=\"0px 170px 70px 0px\" data-681-768=\"0px 0px 70px\" data-680=\"0px 0px 70px\">\n\t<div class=\"eltdf-eh-item-inner\">\n\t\t<div class=\"eltdf-eh-item-content eltdf-eh-custom-4062\" style=\"padding: 0px 170px 8px 0px\">\n\t\t\t<div class=\"eltdf-section-title-holder  \" >\n\t<div class=\"eltdf-st-inner\">\n\t\t\t\t\t<div class=\"eltdf-st-tagline\" >\n\t\t\t\tA cura di Nicodemo Delli\t\t\t<\/div>\n\t\t\t\t\t\t\t<h3 class=\"eltdf-st-title\" >\n\t\t\t\tVita e Fine del Real Convento di S. Pietro d\u2019Alcantara all\u2019Ambrogiana di Cosimo III de\u2019 Medici\t\t\t<\/h3>\n\t\t\t\t\t\t\t\t\t<p class=\"eltdf-st-text\" >\n\t\t\t\tQuesto volume vuole continuare la storia che fu iniziata con la narrazione della vita del Santo. Uno studio accurato, ma potenzialmente ancora da approfondire, sui fatti ed i personaggi che si sono susseguiti nei centounidici anni di vita del Convento Alcantarino dell\u2019Ambrogiana e dell\u2019introduzione del suo Ordine nel Granducato di Toscana da parte di Cosimo III de\u2019 Medici.\t\t\t<\/p>\n\t\t\t\t\t\t\t<div class=\"eltdf-st-button\"><a itemprop=\"url\" href=\"https:\/\/www.parrocchiadicapalle.it\/wp-content\/uploads\/2021\/02\/Vita-e-fine-del-real-convento.pdf\" target=\"_blank\"  class=\"eltdf-btn eltdf-btn-medium eltdf-btn-solid eltdf-btn-with-prefix\" data-type=\"solid\" >    <span class=\"eltdf-btn-text\">Scarica il libro<\/span>    <\/a><\/div>\n\t\t\t<\/div>\n<\/div>\t\t<\/div>\n\t<\/div>\n<\/div><div class=\"eltdf-eh-item    \"  data-item-class=\"eltdf-eh-custom-9787\" data-769-1024=\"0px 0px 8px\" data-681-768=\"0px 0px 8px\" data-680=\"0px 0px 8px\">\n\t<div class=\"eltdf-eh-item-inner\">\n\t\t<div class=\"eltdf-eh-item-content eltdf-eh-custom-9787\" style=\"padding: 8px 0px\">\n\t\t\t[vc_single_image image=&#8221;2928&#8243; img_size=&#8221;full&#8221; alignment=&#8221;center&#8221;][vc_empty_space]\t\t<\/div>\n\t<\/div>\n<\/div><\/div>[\/vc_column][\/vc_row][vc_row row_content_width=&#8221;grid&#8221; parallax_bg_image_size=&#8221;&#8221; parallax_background_image=&#8221;2375&#8243; parallax_bg_speed=&#8221;2&#8243; css=&#8221;.vc_custom_1612950462917{padding-top: 200px !important;padding-bottom: 200px !important;background-position: center !important;background-repeat: no-repeat !important;background-size: cover !important;}&#8221;][vc_column css=&#8221;.vc_custom_1568199281138{padding-top: 0px !important;}&#8221;][vc_column_text]<\/p>\n<h2 style=\"text-align: center;\"><span style=\"color: #ffffff;\">Storie di una comunit\u00e0 e di Santi<\/span><\/h2>\n<p>[\/vc_column_text][\/vc_column][\/vc_row][vc_row][vc_column offset=&#8221;vc_hidden-lg vc_hidden-md vc_hidden-sm vc_hidden-xs&#8221;][vc_column_text]<a href=\"https:\/\/www.sacrocuorecapalle.it\/\" target=\"_blank\" rel=\"noopener noreferrer\">capalle<\/a> <a href=\"https:\/\/www.parrocchiadicapalle.it\/il-quirichino-recenti\/\" target=\"_blank\" rel=\"noopener noreferrer\">quirichino<\/a>[\/vc_column_text][\/vc_column][\/vc_row]<\/p>\n","protected":false},"excerpt":{"rendered":"<p>[vc_row css=&#8221;.vc_custom_1567087607475{padding-top: 131px !important;padding-bottom: 96px !important;}&#8221;][vc_column][\/vc_column][\/vc_row][vc_row row_content_width=&#8221;grid&#8221; css=&#8221;.vc_custom_1613492852626{padding-top: 66px !important;padding-bottom: 36px !important;}&#8221;][vc_column][\/vc_column][\/vc_row][vc_row row_content_width=&#8221;grid&#8221; css=&#8221;.vc_custom_1613492858163{padding-top: 36px !important;}&#8221;][vc_column][\/vc_column][\/vc_row][vc_row row_content_width=&#8221;grid&#8221; css=&#8221;.vc_custom_1613492864227{padding-top: 36px !important;padding-bottom: 66px !important;}&#8221;][vc_column][\/vc_column][\/vc_row][vc_row css=&#8221;.vc_custom_1567087607475{padding-top: 131px !important;padding-bottom: 96px !important;}&#8221;][vc_column][\/vc_column][\/vc_row][vc_row row_content_width=&#8221;grid&#8221; css=&#8221;.vc_custom_1613492852626{padding-top: 66px !important;padding-bottom: 36px !important;}&#8221;][vc_column][\/vc_column][\/vc_row][vc_row row_content_width=&#8221;grid&#8221; css=&#8221;.vc_custom_1614159403149{padding-top: 36px !important;}&#8221;][vc_column][\/vc_column][\/vc_row][vc_row row_content_width=&#8221;grid&#8221; css=&#8221;.vc_custom_1613493699816{padding-top: 36px !important;padding-bottom: 66px !important;}&#8221;][vc_column][\/vc_column][\/vc_row][vc_row row_content_width=&#8221;grid&#8221; parallax_bg_image_size=&#8221;&#8221; parallax_background_image=&#8221;2375&#8243; parallax_bg_speed=&#8221;2&#8243; css=&#8221;.vc_custom_1612950462917{padding-top: 200px !important;padding-bottom: 200px !important;background-position: center !important;background-repeat: no-repeat !important;background-size: cover !important;}&#8221;][vc_column css=&#8221;.vc_custom_1568199281138{padding-top: 0px !important;}&#8221;][vc_column_text] Storie di una comunit\u00e0 e di Santi [\/vc_column_text][\/vc_column][\/vc_row][vc_row][vc_column offset=&#8221;vc_hidden-lg vc_hidden-md vc_hidden-sm vc_hidden-xs&#8221;][vc_column_text]capalle quirichino[\/vc_column_text][\/vc_column][\/vc_row]<\/p>\n","protected":false},"author":1,"featured_media":0,"parent":0,"menu_order":0,"comment_status":"closed","ping_status":"closed","template":"full-width.php","meta":[],"yoast_head":"<!-- This site is optimized with the Yoast SEO plugin v14.8.1 - https:\/\/yoast.com\/wordpress\/plugins\/seo\/ -->\n<title>Parrocchia di Capalle - Propositura dei Santi Quirico e Giulitta - Letture<\/title>\n<meta name=\"description\" content=\"I testi scritti da Don Nicodemo Delli e da lui curati sulla comunit\u00e0 di Capalle, sui Santi che la rappresentano e su S. Pietro d&#039;Alcantara\" \/>\n<meta name=\"robots\" content=\"index, follow\" \/>\n<meta name=\"googlebot\" content=\"index, follow, max-snippet:-1, max-image-preview:large, max-video-preview:-1\" \/>\n<meta name=\"bingbot\" content=\"index, follow, max-snippet:-1, max-image-preview:large, max-video-preview:-1\" \/>\n<link rel=\"canonical\" href=\"https:\/\/www.parrocchiadicapalle.it\/index.php\/letture\/\" \/>\n<meta property=\"og:locale\" content=\"it_IT\" \/>\n<meta property=\"og:type\" content=\"article\" \/>\n<meta property=\"og:title\" content=\"Parrocchia di Capalle - Propositura dei Santi Quirico e Giulitta - Letture\" \/>\n<meta property=\"og:description\" content=\"I testi scritti da Don Nicodemo Delli e da lui curati sulla comunit\u00e0 di Capalle, sui Santi che la rappresentano e su S. Pietro d&#039;Alcantara\" \/>\n<meta property=\"og:url\" content=\"https:\/\/www.parrocchiadicapalle.it\/index.php\/letture\/\" \/>\n<meta property=\"og:site_name\" content=\"Parrocchia di Capalle\" \/>\n<meta property=\"article:modified_time\" content=\"2021-02-24T09:37:03+00:00\" \/>\n<meta name=\"twitter:card\" content=\"summary_large_image\" \/>\n<script type=\"application\/ld+json\" class=\"yoast-schema-graph\">{\"@context\":\"https:\/\/schema.org\",\"@graph\":[{\"@type\":\"Organization\",\"@id\":\"https:\/\/www.parrocchiadicapalle.it\/#organization\",\"name\":\"Parrocchia di Capalle\",\"url\":\"https:\/\/www.parrocchiadicapalle.it\/\",\"sameAs\":[\"https:\/\/it.wikipedia.org\/wiki\/Chiesa_dei_Santi_Quirico_e_Giulitta_(Campi_Bisenzio)\"],\"logo\":{\"@type\":\"ImageObject\",\"@id\":\"https:\/\/www.parrocchiadicapalle.it\/#logo\",\"inLanguage\":\"it-IT\",\"url\":\"https:\/\/www.parrocchiadicapalle.it\/wp-content\/uploads\/2020\/08\/logo_int.png\",\"width\":154,\"height\":100,\"caption\":\"Parrocchia di Capalle\"},\"image\":{\"@id\":\"https:\/\/www.parrocchiadicapalle.it\/#logo\"}},{\"@type\":\"WebSite\",\"@id\":\"https:\/\/www.parrocchiadicapalle.it\/#website\",\"url\":\"https:\/\/www.parrocchiadicapalle.it\/\",\"name\":\"Parrocchia di Capalle\",\"description\":\"\",\"publisher\":{\"@id\":\"https:\/\/www.parrocchiadicapalle.it\/#organization\"},\"potentialAction\":[{\"@type\":\"SearchAction\",\"target\":\"https:\/\/www.parrocchiadicapalle.it\/?s={search_term_string}\",\"query-input\":\"required name=search_term_string\"}],\"inLanguage\":\"it-IT\"},{\"@type\":\"WebPage\",\"@id\":\"https:\/\/www.parrocchiadicapalle.it\/index.php\/letture\/#webpage\",\"url\":\"https:\/\/www.parrocchiadicapalle.it\/index.php\/letture\/\",\"name\":\"Parrocchia di Capalle - Propositura dei Santi Quirico e Giulitta - Letture\",\"isPartOf\":{\"@id\":\"https:\/\/www.parrocchiadicapalle.it\/#website\"},\"datePublished\":\"2021-02-10T09:50:27+00:00\",\"dateModified\":\"2021-02-24T09:37:03+00:00\",\"description\":\"I testi scritti da Don Nicodemo Delli e da lui curati sulla comunit\\u00e0 di Capalle, sui Santi che la rappresentano e su S. Pietro d'Alcantara\",\"inLanguage\":\"it-IT\",\"potentialAction\":[{\"@type\":\"ReadAction\",\"target\":[\"https:\/\/www.parrocchiadicapalle.it\/index.php\/letture\/\"]}]}]}<\/script>\n<!-- \/ Yoast SEO plugin. -->","_links":{"self":[{"href":"https:\/\/www.parrocchiadicapalle.it\/index.php\/wp-json\/wp\/v2\/pages\/2900"}],"collection":[{"href":"https:\/\/www.parrocchiadicapalle.it\/index.php\/wp-json\/wp\/v2\/pages"}],"about":[{"href":"https:\/\/www.parrocchiadicapalle.it\/index.php\/wp-json\/wp\/v2\/types\/page"}],"author":[{"embeddable":true,"href":"https:\/\/www.parrocchiadicapalle.it\/index.php\/wp-json\/wp\/v2\/users\/1"}],"replies":[{"embeddable":true,"href":"https:\/\/www.parrocchiadicapalle.it\/index.php\/wp-json\/wp\/v2\/comments?post=2900"}],"version-history":[{"count":12,"href":"https:\/\/www.parrocchiadicapalle.it\/index.php\/wp-json\/wp\/v2\/pages\/2900\/revisions"}],"predecessor-version":[{"id":2948,"href":"https:\/\/www.parrocchiadicapalle.it\/index.php\/wp-json\/wp\/v2\/pages\/2900\/revisions\/2948"}],"wp:attachment":[{"href":"https:\/\/www.parrocchiadicapalle.it\/index.php\/wp-json\/wp\/v2\/media?parent=2900"}],"curies":[{"name":"wp","href":"https:\/\/api.w.org\/{rel}","templated":true}]}}